{"id":26,"date":"2025-09-25T20:52:16","date_gmt":"2025-09-25T20:52:16","guid":{"rendered":"https:\/\/oeilduprince.fr\/?page_id=26"},"modified":"2025-10-10T07:37:12","modified_gmt":"2025-10-10T07:37:12","slug":"nos-productions","status":"publish","type":"page","link":"https:\/\/oeilduprince.fr\/index.php\/nos-productions\/","title":{"rendered":"Nos productions"},"content":{"rendered":"\n<p><strong>Contact <\/strong>Benoit Agoyer pour avoir toutes les infos n\u00e9cessaires pour faire venir nos productions chez vous.<br><strong>mail <\/strong>&#8211; <a>benoit@kalmiaproductions.com<\/a> <br><strong>tel<\/strong> &#8211; 06.68.59.20.30<\/p>\n\n\n\n<div class=\"wp-block-media-text is-stacked-on-mobile\"><figure class=\"wp-block-media-text__media\"><img loading=\"lazy\" decoding=\"async\" width=\"1024\" height=\"640\" src=\"https:\/\/oeilduprince.fr\/wp-content\/uploads\/2025\/09\/7-1-1024x640.png\" alt=\"\" class=\"wp-image-28 size-full\" srcset=\"https:\/\/oeilduprince.fr\/wp-content\/uploads\/2025\/09\/7-1-1024x640.png 1024w, https:\/\/oeilduprince.fr\/wp-content\/uploads\/2025\/09\/7-1-300x188.png 300w, https:\/\/oeilduprince.fr\/wp-content\/uploads\/2025\/09\/7-1-768x480.png 768w, https:\/\/oeilduprince.fr\/wp-content\/uploads\/2025\/09\/7-1.png 1280w\" sizes=\"auto, (max-width: 1024px) 100vw, 1024px\" \/><\/figure><div class=\"wp-block-media-text__content\">\n<p class=\"has-small-font-size\"><strong>Le Colis une com\u00e9die survolt\u00e9e par Damien Robin, Elisa Roblin et \u00e9crite par \u00c9lisa Roblin, Damien Robin et H\u00e9lo\u00efse Mathubert ! Dur\u00e9e&nbsp;: 80 minutes<\/strong><br>Julien et Sophie vivent en colocation depuis plusieurs ann\u00e9es et tout va \u00e0 merveille ! Jusqu&rsquo;au jour o\u00f9 ils re\u00e7oivent un colis qui ne leur est pas destin\u00e9 ! Plut\u00f4t que de le renvoyer par la Poste, ils d\u00e9cident de l&rsquo;ouvrir !!! C\u2019est \u00e0 ce moment-l\u00e0 que leur vie va \u00eatre boulevers\u00e9e&#8230; mais que contient ce colis \u00e9gar\u00e9 ? Ce colis leur fera faire des d\u00e9fis insolites et \u00e0 mourir de rire, qu\u2019ils n&rsquo;auraient m\u00eame jamais pens\u00e9 faire un jour ! <\/p>\n<\/div><\/div>\n\n\n\n<hr class=\"wp-block-separator has-alpha-channel-opacity\"\/>\n\n\n\n<div class=\"wp-block-media-text is-stacked-on-mobile\"><figure class=\"wp-block-media-text__media\"><img loading=\"lazy\" decoding=\"async\" width=\"1024\" height=\"640\" src=\"https:\/\/oeilduprince.fr\/wp-content\/uploads\/2025\/09\/8-1-1024x640.png\" alt=\"\" class=\"wp-image-29 size-full\" srcset=\"https:\/\/oeilduprince.fr\/wp-content\/uploads\/2025\/09\/8-1-1024x640.png 1024w, https:\/\/oeilduprince.fr\/wp-content\/uploads\/2025\/09\/8-1-300x188.png 300w, https:\/\/oeilduprince.fr\/wp-content\/uploads\/2025\/09\/8-1-768x480.png 768w, https:\/\/oeilduprince.fr\/wp-content\/uploads\/2025\/09\/8-1.png 1280w\" sizes=\"auto, (max-width: 1024px) 100vw, 1024px\" \/><\/figure><div class=\"wp-block-media-text__content\">\n<p class=\"has-small-font-size\"><strong>Evelyne Cervera<\/strong>&nbsp;et<strong>&nbsp;Peter Dervillez ou Romain Franklin.<\/strong><br>&nbsp;Nicole, une septuag\u00e9naire un poil aigrie, a toujours pens\u00e9 qu&rsquo;elle aurait une retraite paisible dans son petit appartement qu&rsquo;elle affectionne. Mais la vie est pleine de surprises ! Plac\u00e9e en maison de retraite contre son gr\u00e9, oblig\u00e9e de manger de la gel\u00e9e et accompagn\u00e9e d&rsquo;un aide-soignant beaucoup trop optimiste et envahissant, elle est tr\u00e8s loin de ce qu&rsquo;elle s&rsquo;\u00e9tait imagin\u00e9e pour ses vieux jours.&nbsp;Deux personnages qui vont apprendre \u00e0 se conna\u00eetre et \u00e0 se comprendre au fil des jours. Une cohabitation qui sera aussi dr\u00f4le que surprenante !&nbsp;<\/p>\n<\/div><\/div>\n\n\n\n<hr class=\"wp-block-separator has-alpha-channel-opacity\"\/>\n\n\n\n<div class=\"wp-block-media-text is-stacked-on-mobile\"><figure class=\"wp-block-media-text__media\"><img loading=\"lazy\" decoding=\"async\" width=\"1024\" height=\"640\" src=\"https:\/\/oeilduprince.fr\/wp-content\/uploads\/2025\/09\/5-1-1024x640.png\" alt=\"\" class=\"wp-image-30 size-full\" srcset=\"https:\/\/oeilduprince.fr\/wp-content\/uploads\/2025\/09\/5-1-1024x640.png 1024w, https:\/\/oeilduprince.fr\/wp-content\/uploads\/2025\/09\/5-1-300x188.png 300w, https:\/\/oeilduprince.fr\/wp-content\/uploads\/2025\/09\/5-1-768x480.png 768w, https:\/\/oeilduprince.fr\/wp-content\/uploads\/2025\/09\/5-1.png 1280w\" sizes=\"auto, (max-width: 1024px) 100vw, 1024px\" \/><\/figure><div class=\"wp-block-media-text__content\">\n<p class=\"has-small-font-size\"><strong>Enchanteur : un<\/strong> <strong>spectacle de reprises originales !<\/strong><br>Guillaume Morrow vous embarque dans un spectacle musical et joyeux o\u00f9 l\u2019on chante, o\u00f9 l\u2019on se dit \u00ab tiens, je la connaissais pas celle-l\u00e0, j\u2019aime bien ! \u00bb.<\/p>\n\n\n\n<p class=\"has-small-font-size\">Enchanteur, c\u2019est la promesse de passer un bon moment avec des chansons et un artiste qui a plus d\u2019une corde \u00e0 sa guitare.<br>Un moment inoubliable \u00e0 vivre de toute urgence.<\/p>\n<\/div><\/div>\n\n\n\n<hr class=\"wp-block-separator has-alpha-channel-opacity\"\/>\n\n\n\n<div class=\"wp-block-media-text is-stacked-on-mobile\"><figure class=\"wp-block-media-text__media\"><img loading=\"lazy\" decoding=\"async\" width=\"1024\" height=\"640\" src=\"https:\/\/oeilduprince.fr\/wp-content\/uploads\/2025\/09\/9-1024x640.png\" alt=\"\" class=\"wp-image-31 size-full\" srcset=\"https:\/\/oeilduprince.fr\/wp-content\/uploads\/2025\/09\/9-1024x640.png 1024w, https:\/\/oeilduprince.fr\/wp-content\/uploads\/2025\/09\/9-300x188.png 300w, https:\/\/oeilduprince.fr\/wp-content\/uploads\/2025\/09\/9-768x480.png 768w, https:\/\/oeilduprince.fr\/wp-content\/uploads\/2025\/09\/9.png 1280w\" sizes=\"auto, (max-width: 1024px) 100vw, 1024px\" \/><\/figure><div class=\"wp-block-media-text__content\">\n<p class=\"has-small-font-size\"><strong>\u00ab\u00a0Die Hard\u00a0\u00bb \u00e0 c\u00f4t\u00e9 c&rsquo;est une com\u00e9die romantique !<\/strong><br>Dans la grande tour TV+, un entretien d&#8217;embauche tourne au cauchemar lorsqu&rsquo;un groupe de braqueurs fait irruption, d\u00e9termin\u00e9 \u00e0 s&#8217;emparer d&rsquo;un myst\u00e9rieux coffre cach\u00e9 dans l&rsquo;immeuble. Coinc\u00e9s \u00e0 l&rsquo;int\u00e9rieur, Tom un technicien de surface, Benjamin le PDG, et Emma, une candidate, doivent unir leurs forces pour \u00e9chapper \u00e0 cette prise d&rsquo;otages. Cette parodie des films d&rsquo;action des ann\u00e9es 90 vous plongera dans un tourbillon d&rsquo;adr\u00e9naline. <strong>Avec Chlo\u00e9 Susini, Fabien Benoit, Romain Franklin<\/strong><\/p>\n<\/div><\/div>\n\n\n\n<hr class=\"wp-block-separator has-alpha-channel-opacity\"\/>\n\n\n\n<div class=\"wp-block-media-text is-stacked-on-mobile\"><figure class=\"wp-block-media-text__media\"><img loading=\"lazy\" decoding=\"async\" width=\"1024\" height=\"640\" src=\"https:\/\/oeilduprince.fr\/wp-content\/uploads\/2025\/09\/6-1-1024x640.png\" alt=\"\" class=\"wp-image-32 size-full\" srcset=\"https:\/\/oeilduprince.fr\/wp-content\/uploads\/2025\/09\/6-1-1024x640.png 1024w, https:\/\/oeilduprince.fr\/wp-content\/uploads\/2025\/09\/6-1-300x188.png 300w, https:\/\/oeilduprince.fr\/wp-content\/uploads\/2025\/09\/6-1-768x480.png 768w, https:\/\/oeilduprince.fr\/wp-content\/uploads\/2025\/09\/6-1.png 1280w\" sizes=\"auto, (max-width: 1024px) 100vw, 1024px\" \/><\/figure><div class=\"wp-block-media-text__content\">\n<p class=\"has-small-font-size\"><strong>En 2026 Guillaume Morrow d\u00e9barque avec un spectacle original et surprenant<\/strong>. Un spectacle o\u00f9 la guitare de Guillaume dot\u00e9e d&rsquo;intelligence artificielle, prend le micro (ou plut\u00f4t les cordes ) pour des \u00e9changes hilarants. Entre rires, chansons et improvisations le duo vous embarque pour une soir\u00e9e unique. Guillaume traverse les genres musicaux et les fronti\u00e8res de l&rsquo;humour, tout en explorant les possibilit\u00e9s offertes par l&rsquo;I.A. Optimiste est un spectacle futuriste, ph\u00e9nom\u00e9nal et farfelue !<\/p>\n<\/div><\/div>\n","protected":false},"excerpt":{"rendered":"<p>Contact Benoit Agoyer pour avoir toutes les infos n\u00e9cessaires pour faire venir nos productions chez vous.mail &#8211; benoit@kalmiaproductions.com tel &#8211; 06.68.59.20.30 Le Colis une com\u00e9die survolt\u00e9e par Damien Robin, Elisa Roblin et \u00e9crite par \u00c9lisa Roblin, Damien Robin et H\u00e9lo\u00efse Mathubert ! Dur\u00e9e&nbsp;: 80 minutesJulien et Sophie vivent en colocation depuis plusieurs ann\u00e9es et tout [&hellip;]<\/p>\n","protected":false},"author":1,"featured_media":0,"parent":0,"menu_order":0,"comment_status":"closed","ping_status":"closed","template":"","meta":{"footnotes":""},"class_list":["post-26","page","type-page","status-publish","hentry","entry"],"_links":{"self":[{"href":"https:\/\/oeilduprince.fr\/index.php\/wp-json\/wp\/v2\/pages\/26","targetHints":{"allow":["GET"]}}],"collection":[{"href":"https:\/\/oeilduprince.fr\/index.php\/wp-json\/wp\/v2\/pages"}],"about":[{"href":"https:\/\/oeilduprince.fr\/index.php\/wp-json\/wp\/v2\/types\/page"}],"author":[{"embeddable":true,"href":"https:\/\/oeilduprince.fr\/index.php\/wp-json\/wp\/v2\/users\/1"}],"replies":[{"embeddable":true,"href":"https:\/\/oeilduprince.fr\/index.php\/wp-json\/wp\/v2\/comments?post=26"}],"version-history":[{"count":3,"href":"https:\/\/oeilduprince.fr\/index.php\/wp-json\/wp\/v2\/pages\/26\/revisions"}],"predecessor-version":[{"id":129,"href":"https:\/\/oeilduprince.fr\/index.php\/wp-json\/wp\/v2\/pages\/26\/revisions\/129"}],"wp:attachment":[{"href":"https:\/\/oeilduprince.fr\/index.php\/wp-json\/wp\/v2\/media?parent=26"}],"curies":[{"name":"wp","href":"https:\/\/api.w.org\/{rel}","templated":true}]}}