{"id":2,"date":"2025-09-24T14:57:43","date_gmt":"2025-09-24T14:57:43","guid":{"rendered":"http:\/\/oeilduprince.fr\/?page_id=2"},"modified":"2025-10-22T11:10:01","modified_gmt":"2025-10-22T11:10:01","slug":"sample-page","status":"publish","type":"page","link":"https:\/\/oeilduprince.fr\/","title":{"rendered":"BILLETTERIE . PROGRAMMATION . CAFE-THEATRE . FESTIVAL . SAISON CULTURELLE . PRODUCTION ."},"content":{"rendered":"\n<blockquote class=\"wp-block-quote is-layout-flow wp-block-quote-is-layout-flow\">\n<p><strong>Soci\u00e9t\u00e9 de production en Vend\u00e9e depuis 2009. <\/strong><br>D\u00e9couvrez nos productions en tourn\u00e9e dans toute la France. Nos \u00e9v\u00e8nements et leur billetterie sur toute la Vend\u00e9e. Notre caf\u00e9-th\u00e9\u00e2tre ouvert en 2022 au coeur des h\u00f4tels Ibis o\u00f9 vous y d\u00e9couvrirez toutes les com\u00e9dies et les humoristes du moment.<\/p>\n<\/blockquote>\n\n\n\n<figure class=\"wp-block-gallery has-nested-images columns-default is-cropped wp-block-gallery-1 is-layout-flex wp-block-gallery-is-layout-flex\">\n<figure class=\"wp-block-image size-full\"><a href=\"https:\/\/oeilduprince.fr\/index.php\/nos-productions\/\"><img loading=\"lazy\" decoding=\"async\" width=\"500\" height=\"500\" data-id=\"18\" src=\"https:\/\/oeilduprince.fr\/wp-content\/uploads\/2025\/09\/7.png\" alt=\"\" class=\"wp-image-18\" srcset=\"https:\/\/oeilduprince.fr\/wp-content\/uploads\/2025\/09\/7.png 500w, https:\/\/oeilduprince.fr\/wp-content\/uploads\/2025\/09\/7-300x300.png 300w, https:\/\/oeilduprince.fr\/wp-content\/uploads\/2025\/09\/7-150x150.png 150w\" sizes=\"auto, (max-width: 500px) 100vw, 500px\" \/><\/a><\/figure>\n\n\n\n<figure class=\"wp-block-image size-full\"><a href=\"https:\/\/vendeebillet.fr\/\" target=\"_blank\" rel=\" noreferrer noopener\"><img loading=\"lazy\" decoding=\"async\" width=\"500\" height=\"500\" data-id=\"19\" src=\"https:\/\/oeilduprince.fr\/wp-content\/uploads\/2025\/09\/8.png\" alt=\"\" class=\"wp-image-19\" srcset=\"https:\/\/oeilduprince.fr\/wp-content\/uploads\/2025\/09\/8.png 500w, https:\/\/oeilduprince.fr\/wp-content\/uploads\/2025\/09\/8-300x300.png 300w, https:\/\/oeilduprince.fr\/wp-content\/uploads\/2025\/09\/8-150x150.png 150w\" sizes=\"auto, (max-width: 500px) 100vw, 500px\" \/><\/a><\/figure>\n<\/figure>\n\n\n\n<div style=\"height:7px\" aria-hidden=\"true\" class=\"wp-block-spacer\"><\/div>\n\n\n\n<figure class=\"wp-block-gallery has-nested-images columns-default is-cropped wp-block-gallery-2 is-layout-flex wp-block-gallery-is-layout-flex\">\n<figure class=\"wp-block-image size-large\"><a href=\"http:\/\/lacomediebis.fr\/\" target=\"_blank\" rel=\" noreferrer noopener\"><img loading=\"lazy\" decoding=\"async\" width=\"500\" height=\"500\" data-id=\"21\" src=\"https:\/\/oeilduprince.fr\/wp-content\/uploads\/2025\/09\/6.png\" alt=\"\" class=\"wp-image-21\" srcset=\"https:\/\/oeilduprince.fr\/wp-content\/uploads\/2025\/09\/6.png 500w, https:\/\/oeilduprince.fr\/wp-content\/uploads\/2025\/09\/6-300x300.png 300w, https:\/\/oeilduprince.fr\/wp-content\/uploads\/2025\/09\/6-150x150.png 150w\" sizes=\"auto, (max-width: 500px) 100vw, 500px\" \/><\/a><\/figure>\n\n\n\n<figure class=\"wp-block-image size-large\"><a href=\"https:\/\/oeilduprince.fr\/index.php\/nos-evenements-en-vendee\/\"><img loading=\"lazy\" decoding=\"async\" width=\"500\" height=\"500\" data-id=\"77\" src=\"https:\/\/oeilduprince.fr\/wp-content\/uploads\/2025\/09\/LOGOS-1.png\" alt=\"\" class=\"wp-image-77\" srcset=\"https:\/\/oeilduprince.fr\/wp-content\/uploads\/2025\/09\/LOGOS-1.png 500w, https:\/\/oeilduprince.fr\/wp-content\/uploads\/2025\/09\/LOGOS-1-300x300.png 300w, https:\/\/oeilduprince.fr\/wp-content\/uploads\/2025\/09\/LOGOS-1-150x150.png 150w\" sizes=\"auto, (max-width: 500px) 100vw, 500px\" \/><\/a><\/figure>\n<\/figure>\n","protected":false},"excerpt":{"rendered":"<p>Soci\u00e9t\u00e9 de production en Vend\u00e9e depuis 2009. D\u00e9couvrez nos productions en tourn\u00e9e dans toute la France. Nos \u00e9v\u00e8nements et leur billetterie sur toute la Vend\u00e9e. Notre caf\u00e9-th\u00e9\u00e2tre ouvert en 2022 au coeur des h\u00f4tels Ibis o\u00f9 vous y d\u00e9couvrirez toutes les com\u00e9dies et les humoristes du moment.<\/p>\n","protected":false},"author":1,"featured_media":0,"parent":0,"menu_order":0,"comment_status":"closed","ping_status":"open","template":"","meta":{"footnotes":""},"class_list":["post-2","page","type-page","status-publish","hentry","entry"],"_links":{"self":[{"href":"https:\/\/oeilduprince.fr\/index.php\/wp-json\/wp\/v2\/pages\/2","targetHints":{"allow":["GET"]}}],"collection":[{"href":"https:\/\/oeilduprince.fr\/index.php\/wp-json\/wp\/v2\/pages"}],"about":[{"href":"https:\/\/oeilduprince.fr\/index.php\/wp-json\/wp\/v2\/types\/page"}],"author":[{"embeddable":true,"href":"https:\/\/oeilduprince.fr\/index.php\/wp-json\/wp\/v2\/users\/1"}],"replies":[{"embeddable":true,"href":"https:\/\/oeilduprince.fr\/index.php\/wp-json\/wp\/v2\/comments?post=2"}],"version-history":[{"count":14,"href":"https:\/\/oeilduprince.fr\/index.php\/wp-json\/wp\/v2\/pages\/2\/revisions"}],"predecessor-version":[{"id":131,"href":"https:\/\/oeilduprince.fr\/index.php\/wp-json\/wp\/v2\/pages\/2\/revisions\/131"}],"wp:attachment":[{"href":"https:\/\/oeilduprince.fr\/index.php\/wp-json\/wp\/v2\/media?parent=2"}],"curies":[{"name":"wp","href":"https:\/\/api.w.org\/{rel}","templated":true}]}}